{"id":1398,"date":"2024-01-26T12:33:37","date_gmt":"2024-01-26T15:33:37","guid":{"rendered":"https:\/\/revistaferidas.com.br\/congressoferidas\/?page_id=1398"},"modified":"2024-01-26T14:32:20","modified_gmt":"2024-01-26T17:32:20","slug":"pagina-modelo","status":"publish","type":"page","link":"https:\/\/revistaferidas.com.br\/congressoferidas\/pagina-modelo\/","title":{"rendered":"P\u00e1gina Modelo"},"content":{"rendered":"\t\t<div data-elementor-type=\"wp-page\" data-elementor-id=\"1398\" class=\"elementor elementor-1398\">\n\t\t\t\t\t\t<section class=\"elementor-section elementor-top-section elementor-element elementor-element-ee36d45 elementor-section-full_width elementor-section-stretched elementor-section-height-default elementor-section-height-default exad-glass-effect-no exad-sticky-section-no\" data-id=\"ee36d45\" data-element_type=\"section\" data-e-type=\"section\" data-settings=\"{&quot;stretch_section&quot;:&quot;section-stretched&quot;,&quot;background_background&quot;:&quot;classic&quot;}\">\n\t\t\t\t\t\t<div class=\"elementor-container elementor-column-gap-no\">\n\t\t\t\t\t<div class=\"elementor-column elementor-col-100 elementor-top-column elementor-element elementor-element-105fd45 exad-glass-effect-no exad-sticky-section-no\" data-id=\"105fd45\" data-element_type=\"column\" data-e-type=\"column\" data-settings=\"{&quot;background_background&quot;:&quot;classic&quot;}\">\n\t\t\t<div class=\"elementor-widget-wrap elementor-element-populated\">\n\t\t\t\t\t\t<div class=\"elementor-element elementor-element-fcb2be0 exad-sticky-section-no exad-glass-effect-no elementor-widget elementor-widget-spacer\" data-id=\"fcb2be0\" data-element_type=\"widget\" data-e-type=\"widget\" data-widget_type=\"spacer.default\">\n\t\t\t\t<div class=\"elementor-widget-container\">\n\t\t\t\t\t\t\t<div class=\"elementor-spacer\">\n\t\t\t<div class=\"elementor-spacer-inner\"><\/div>\n\t\t<\/div>\n\t\t\t\t\t\t<\/div>\n\t\t\t\t<\/div>\n\t\t\t\t<div class=\"elementor-element elementor-element-1967dfe exad-sticky-section-no exad-glass-effect-no elementor-widget elementor-widget-heading\" data-id=\"1967dfe\" data-element_type=\"widget\" data-e-type=\"widget\" data-widget_type=\"heading.default\">\n\t\t\t\t<div class=\"elementor-widget-container\">\n\t\t\t\t\t<h1 class=\"elementor-heading-title elementor-size-default\">Submiss\u00e3o de Trabalhos<\/h1>\t\t\t\t<\/div>\n\t\t\t\t<\/div>\n\t\t\t\t<div class=\"elementor-element elementor-element-b012aaa exad-sticky-section-no exad-glass-effect-no elementor-widget elementor-widget-spacer\" data-id=\"b012aaa\" data-element_type=\"widget\" data-e-type=\"widget\" data-widget_type=\"spacer.default\">\n\t\t\t\t<div class=\"elementor-widget-container\">\n\t\t\t\t\t\t\t<div class=\"elementor-spacer\">\n\t\t\t<div class=\"elementor-spacer-inner\"><\/div>\n\t\t<\/div>\n\t\t\t\t\t\t<\/div>\n\t\t\t\t<\/div>\n\t\t\t\t\t<\/div>\n\t\t<\/div>\n\t\t\t\t\t<\/div>\n\t\t<\/section>\n\t\t<div class=\"elementor-element elementor-element-d421bd4 e-flex e-con-boxed e-con e-parent\" data-id=\"d421bd4\" data-element_type=\"container\" data-e-type=\"container\">\n\t\t\t\t\t<div class=\"e-con-inner\">\n\t\t<div class=\"elementor-element elementor-element-1967ad8 e-con-full e-flex e-con e-child\" data-id=\"1967ad8\" data-element_type=\"container\" data-e-type=\"container\">\n\t\t\t\t<div class=\"elementor-element elementor-element-1d63390 elementor-widget__width-inherit exad-sticky-section-no exad-glass-effect-no elementor-widget elementor-widget-heading\" data-id=\"1d63390\" data-element_type=\"widget\" data-e-type=\"widget\" data-widget_type=\"heading.default\">\n\t\t\t\t<div class=\"elementor-widget-container\">\n\t\t\t\t\t<h2 class=\"elementor-heading-title elementor-size-default\">Requisitos para a Submiss\u00e3o:<\/h2>\t\t\t\t<\/div>\n\t\t\t\t<\/div>\n\t\t\t\t<div class=\"elementor-element elementor-element-87c7ea3 elementor-widget__width-initial exad-sticky-section-no exad-glass-effect-no elementor-widget elementor-widget-heading\" data-id=\"87c7ea3\" data-element_type=\"widget\" data-e-type=\"widget\" data-widget_type=\"heading.default\">\n\t\t\t\t<div class=\"elementor-widget-container\">\n\t\t\t\t\t<h2 class=\"elementor-heading-title elementor-size-default\">LEIA ATENTAMENTE OS REQUISITOS PARA FACILITAR O PROCESSO DE APROVA\u00c7\u00c3O DA SUBMISS\u00c3O.<\/h2>\t\t\t\t<\/div>\n\t\t\t\t<\/div>\n\t\t\t\t<div class=\"elementor-element elementor-element-3c0862d exad-sticky-section-no exad-glass-effect-no elementor-widget elementor-widget-toggle\" data-id=\"3c0862d\" data-element_type=\"widget\" data-e-type=\"widget\" data-widget_type=\"toggle.default\">\n\t\t\t\t<div class=\"elementor-widget-container\">\n\t\t\t\t\t\t\t<div class=\"elementor-toggle\">\n\t\t\t\t\t\t\t<div class=\"elementor-toggle-item\">\n\t\t\t\t\t<div id=\"elementor-tab-title-6291\" class=\"elementor-tab-title\" data-tab=\"1\" role=\"button\" aria-controls=\"elementor-tab-content-6291\" aria-expanded=\"false\">\n\t\t\t\t\t\t\t\t\t\t\t\t<span class=\"elementor-toggle-icon elementor-toggle-icon-left\" aria-hidden=\"true\">\n\t\t\t\t\t\t\t\t\t\t\t\t\t\t\t<span class=\"elementor-toggle-icon-closed\"><i class=\"fas fa-caret-right\"><\/i><\/span>\n\t\t\t\t\t\t\t\t<span class=\"elementor-toggle-icon-opened\"><i class=\"elementor-toggle-icon-opened fas fa-caret-up\"><\/i><\/span>\n\t\t\t\t\t\t\t\t\t\t\t\t\t<\/span>\n\t\t\t\t\t\t\t\t\t\t\t\t<a class=\"elementor-toggle-title\" tabindex=\"0\">1 - Submiss\u00e3o de Estudos<\/a>\n\t\t\t\t\t<\/div>\n\n\t\t\t\t\t<div id=\"elementor-tab-content-6291\" class=\"elementor-tab-content elementor-clearfix\" data-tab=\"1\" role=\"region\" aria-labelledby=\"elementor-tab-title-6291\"><p>1.1 N\u00e3o \u00e9 necess\u00e1rio realizar a inscri\u00e7\u00e3o antes de submeter o estudo \u00e0 avalia\u00e7\u00e3o.<br \/>1.2 Os estudos devem ser enviados no formato Word (doc ou docx) a partir do preenchimento do formul\u00e1rio no endere\u00e7o eletr\u00f4nico do evento (<a href=\"https:\/\/revistaferidas.com.br\/congressoferidas\/trabalhos\/\">https:\/\/revistaferidas.com.br\/congressoferidas\/trabalhos\/<\/a>) at\u00e9 o dia <strong>10 de Fevereiro de 2024<\/strong>, e conforme os prazos que forem estipulados no site do evento at\u00e9 pr\u00f3ximo ao Congresso<\/p><\/div>\n\t\t\t\t<\/div>\n\t\t\t\t\t\t\t<div class=\"elementor-toggle-item\">\n\t\t\t\t\t<div id=\"elementor-tab-title-6292\" class=\"elementor-tab-title\" data-tab=\"2\" role=\"button\" aria-controls=\"elementor-tab-content-6292\" aria-expanded=\"false\">\n\t\t\t\t\t\t\t\t\t\t\t\t<span class=\"elementor-toggle-icon elementor-toggle-icon-left\" aria-hidden=\"true\">\n\t\t\t\t\t\t\t\t\t\t\t\t\t\t\t<span class=\"elementor-toggle-icon-closed\"><i class=\"fas fa-caret-right\"><\/i><\/span>\n\t\t\t\t\t\t\t\t<span class=\"elementor-toggle-icon-opened\"><i class=\"elementor-toggle-icon-opened fas fa-caret-up\"><\/i><\/span>\n\t\t\t\t\t\t\t\t\t\t\t\t\t<\/span>\n\t\t\t\t\t\t\t\t\t\t\t\t<a class=\"elementor-toggle-title\" tabindex=\"0\">2 - Avalia\u00e7\u00e3o dos Estudos<\/a>\n\t\t\t\t\t<\/div>\n\n\t\t\t\t\t<div id=\"elementor-tab-content-6292\" class=\"elementor-tab-content elementor-clearfix\" data-tab=\"2\" role=\"region\" aria-labelledby=\"elementor-tab-title-6292\"><p>A avalia\u00e7\u00e3o dos estudos ser\u00e1 dada em duas etapas:<br \/>2.1 Etapa 01: triagem a partir de avalia\u00e7\u00e3o duplo-cega pelos membros da Comiss\u00e3o Cient\u00edfica do evento. Ap\u00f3s a submiss\u00e3o, o autor correspondente possui 10 dias para recebimento do parecer por e-mail.<br \/>a) Em caso de parecer negativo, o autor pode submeter outro estudo;<br \/>b) Em caso de parecer positivo, ser\u00e1 encaminhado \u00e0 realiza\u00e7\u00e3o da inscri\u00e7\u00e3o e seguimento das pr\u00f3ximas etapas para apresenta\u00e7\u00e3o no dia do evento, um exemplo do formato do banner.<br \/>2.2 Etapa 02: o autor com estudo aprovado receber\u00e1 por e-mail o dia e hor\u00e1rio de sua apresenta\u00e7\u00e3o em banner\/p\u00f4ster. No dia da apresenta\u00e7\u00e3o, um membro da Comiss\u00e3o Cient\u00edfica realizar\u00e1 a avalia\u00e7\u00e3o com um checklist estruturado.<br \/>a) Cada apresenta\u00e7\u00e3o ter\u00e1 a dura\u00e7\u00e3o de 3 minutos e 2 minutos para discuss\u00e3o com o avaliador;<br \/>b) O modelo de apresenta\u00e7\u00e3o estar\u00e1 dispon\u00edvel no endere\u00e7o eletr\u00f4nico do evento ap\u00f3s a finaliza\u00e7\u00e3o da etapa on-line;<br \/>c) O relator que n\u00e3o apresentar o banner\/p\u00f4ster no modelo do evento ter\u00e1 sua aprova\u00e7\u00e3o cancelada automaticamente;<br \/>d) Os banners\/p\u00f4sters devem ser apresentados no dia do evento de forma impressa conforme exemplo em anexo;<br \/>e) N\u00e3o \u00e9 necess\u00e1rio levar o suporte para o evento;<br \/>f) Caso o relator n\u00e3o compare\u00e7a na data e hor\u00e1rio estabelecidos, ser\u00e1 automaticamente cancelada a apresenta\u00e7\u00e3o. O relator n\u00e3o pode ser substitu\u00eddo.<\/p><\/div>\n\t\t\t\t<\/div>\n\t\t\t\t\t\t\t<div class=\"elementor-toggle-item\">\n\t\t\t\t\t<div id=\"elementor-tab-title-6293\" class=\"elementor-tab-title\" data-tab=\"3\" role=\"button\" aria-controls=\"elementor-tab-content-6293\" aria-expanded=\"false\">\n\t\t\t\t\t\t\t\t\t\t\t\t<span class=\"elementor-toggle-icon elementor-toggle-icon-left\" aria-hidden=\"true\">\n\t\t\t\t\t\t\t\t\t\t\t\t\t\t\t<span class=\"elementor-toggle-icon-closed\"><i class=\"fas fa-caret-right\"><\/i><\/span>\n\t\t\t\t\t\t\t\t<span class=\"elementor-toggle-icon-opened\"><i class=\"elementor-toggle-icon-opened fas fa-caret-up\"><\/i><\/span>\n\t\t\t\t\t\t\t\t\t\t\t\t\t<\/span>\n\t\t\t\t\t\t\t\t\t\t\t\t<a class=\"elementor-toggle-title\" tabindex=\"0\">3 - Normas para Elabora\u00e7\u00e3o dos Estudos<\/a>\n\t\t\t\t\t<\/div>\n\n\t\t\t\t\t<div id=\"elementor-tab-content-6293\" class=\"elementor-tab-content elementor-clearfix\" data-tab=\"3\" role=\"region\" aria-labelledby=\"elementor-tab-title-6293\"><p>3.1 Ser\u00e3o aceitos estudos em formato de resumo, de 300 a 350 palavras.<br \/>3.2 Ser\u00e3o aceitos resumos in\u00e9ditos, oriundos de: estudos originais, estudos transversais, estudos de coorte, revis\u00f5es integrativas e sistem\u00e1ticas, relatos de experi\u00eancia, estudos de caso, estudos de m\u00faltiplos casos, projetos de interven\u00e7\u00e3o, metan\u00e1lises, pesquisas documentais e estudos de reflex\u00e3o.<br \/>a) N\u00e3o ser\u00e3o aceitos estudos de revis\u00e3o bibliogr\u00e1fica ou revis\u00e3o narrativa;<br \/>b) Estudos sem o n\u00famero do Parecer do Comit\u00ea de \u00c9tica em Pesquisa (CEP) ou sinaliza\u00e7\u00e3o de autoriza\u00e7\u00e3o por Carta de Anu\u00eancia n\u00e3o ser\u00e3o aceitos;<br \/>c) Estudos que n\u00e3o necessitam do Parecer do CEP ou Carta de Anu\u00eancia: revis\u00e3o integrativa, revis\u00e3o sistem\u00e1tica, relato de experi\u00eancia, estudo de reflex\u00e3o e pesquisa documental utilizando documentos de dom\u00ednio p\u00fablico.<br \/>3.3 A qualidade do texto (gram\u00e1tica, ortografia e digita\u00e7\u00e3o), bem como as opini\u00f5es e conceitos emitidos nos trabalhos s\u00e3o de exclusiva responsabilidade do(s) autor(es).<br \/>3.4 Os estudos devem ser submetidos em formato doc ou docx (Microsoft Word\u00ae). Estudos enviados em PDF ou em formato completo n\u00e3o ser\u00e3o aceitos.<br \/>3.5 O texto dever\u00e1 ser organizado no formato para folha de papel A4 (210 x 297 mm), com margens superior, esquerda, inferior e direita de 2 cm; texto justificado e espa\u00e7amento 1,5cm entre linhas.<br \/>3.6 O texto dever\u00e1 ser escrito com fonte Arial, tamanho 12 para o t\u00edtulo, texto, descritores e refer\u00eancias; respeitando as Normas Vancouver.<br \/>3.7 Deve-se apresentar de 03 (tr\u00eas) a 05 (cinco) Descritores em Ci\u00eancias da Sa\u00fade (DeCS).<br \/>3.8 Estudos sem refer\u00eancias n\u00e3o ser\u00e3o aceitos;<br \/>3.9 O resumo deve ser estruturado em: T\u00edtulo, Introdu\u00e7\u00e3o, Objetivo, M\u00e9todo, Resultados e Discuss\u00e3o, Conclus\u00e3o, Descritores, Refer\u00eancias e identifica\u00e7\u00e3o dos autores (nome completo, maior titula\u00e7\u00e3o, v\u00ednculo institucional e e-mail).<br \/>3.10 N\u00e3o ser\u00e3o aceitos resumos com figuras, fotos, tabelas, gr\u00e1ficos e quadros.<\/p><\/div>\n\t\t\t\t<\/div>\n\t\t\t\t\t\t\t<div class=\"elementor-toggle-item\">\n\t\t\t\t\t<div id=\"elementor-tab-title-6294\" class=\"elementor-tab-title\" data-tab=\"4\" role=\"button\" aria-controls=\"elementor-tab-content-6294\" aria-expanded=\"false\">\n\t\t\t\t\t\t\t\t\t\t\t\t<span class=\"elementor-toggle-icon elementor-toggle-icon-left\" aria-hidden=\"true\">\n\t\t\t\t\t\t\t\t\t\t\t\t\t\t\t<span class=\"elementor-toggle-icon-closed\"><i class=\"fas fa-caret-right\"><\/i><\/span>\n\t\t\t\t\t\t\t\t<span class=\"elementor-toggle-icon-opened\"><i class=\"elementor-toggle-icon-opened fas fa-caret-up\"><\/i><\/span>\n\t\t\t\t\t\t\t\t\t\t\t\t\t<\/span>\n\t\t\t\t\t\t\t\t\t\t\t\t<a class=\"elementor-toggle-title\" tabindex=\"0\">4 - Normas para Apresenta\u00e7\u00e3o dos Estudos<\/a>\n\t\t\t\t\t<\/div>\n\n\t\t\t\t\t<div id=\"elementor-tab-content-6294\" class=\"elementor-tab-content elementor-clearfix\" data-tab=\"4\" role=\"region\" aria-labelledby=\"elementor-tab-title-6294\"><p>a) Os estudos devem ser apresentados em formato banner\/p\u00f4ster impresso no modelo disponibilizado no endere\u00e7o eletr\u00f4nico do evento com as dimens\u00f5es: 120 x 90cm (alt x larg);<br \/>b) Apresenta\u00e7\u00e3o de 3 minutos e mais 2 minutos de discuss\u00e3o com o avaliador;<br \/>c) Deve-se comparecer ao local de apresenta\u00e7\u00e3o 20 minutos antes do hor\u00e1rio estabelecido por e-mail;<br \/>d) N\u00e3o ser\u00e3o apresentados estudos que foram negados na etapa on-line de avalia\u00e7\u00e3o e que n\u00e3o fazem parte da lista de aprovados.<\/p><\/div>\n\t\t\t\t<\/div>\n\t\t\t\t\t\t\t<div class=\"elementor-toggle-item\">\n\t\t\t\t\t<div id=\"elementor-tab-title-6295\" class=\"elementor-tab-title\" data-tab=\"5\" role=\"button\" aria-controls=\"elementor-tab-content-6295\" aria-expanded=\"false\">\n\t\t\t\t\t\t\t\t\t\t\t\t<span class=\"elementor-toggle-icon elementor-toggle-icon-left\" aria-hidden=\"true\">\n\t\t\t\t\t\t\t\t\t\t\t\t\t\t\t<span class=\"elementor-toggle-icon-closed\"><i class=\"fas fa-caret-right\"><\/i><\/span>\n\t\t\t\t\t\t\t\t<span class=\"elementor-toggle-icon-opened\"><i class=\"elementor-toggle-icon-opened fas fa-caret-up\"><\/i><\/span>\n\t\t\t\t\t\t\t\t\t\t\t\t\t<\/span>\n\t\t\t\t\t\t\t\t\t\t\t\t<a class=\"elementor-toggle-title\" tabindex=\"0\">5 - Premia\u00e7\u00e3o<\/a>\n\t\t\t\t\t<\/div>\n\n\t\t\t\t\t<div id=\"elementor-tab-content-6295\" class=\"elementor-tab-content elementor-clearfix\" data-tab=\"5\" role=\"region\" aria-labelledby=\"elementor-tab-title-6295\"><p>Ser\u00e3o premiados os 04 (quatro) melhores estudos apresentados. O primeiro lugar ganhar\u00e1 R$ 1.000 (mil reais) e os outros ganhar\u00e3o a publica\u00e7\u00e3o do estudo completo na Revista Nursing, o segundo lugar ganhar\u00e1 a publica\u00e7\u00e3o do estudo completo na Revista Sa\u00fade Coletiva (Barueri) e o terceiro lugar ganhar\u00e1 a publica\u00e7\u00e3o do estudo completo na Revista Ferida. A premia\u00e7\u00e3o ocorrer\u00e1 no \u00faltimo dia ao final do evento no audit\u00f3rio principal. Caso o autor correspondente\/relator n\u00e3o esteja na hora da premia\u00e7\u00e3o, a sele\u00e7\u00e3o ser\u00e1 cancelada e o pr\u00f3ximo estudo receber\u00e1. N\u00e3o \u00e9 autorizado terceiros receberem o pr\u00eamio. Desta forma, solicita-se a presen\u00e7a de todos os relatores no ato da premia\u00e7\u00e3o.<\/p><\/div>\n\t\t\t\t<\/div>\n\t\t\t\t\t\t\t\t<\/div>\n\t\t\t\t\t\t<\/div>\n\t\t\t\t<\/div>\n\t\t\t\t<\/div>\n\t\t<div class=\"elementor-element elementor-element-5554e01 e-con-full e-flex e-con e-child\" data-id=\"5554e01\" data-element_type=\"container\" data-e-type=\"container\">\n\t\t\t\t<div class=\"elementor-element elementor-element-cc54304 elementor-widget__width-inherit exad-sticky-section-no exad-glass-effect-no elementor-widget elementor-widget-heading\" data-id=\"cc54304\" data-element_type=\"widget\" data-e-type=\"widget\" data-widget_type=\"heading.default\">\n\t\t\t\t<div class=\"elementor-widget-container\">\n\t\t\t\t\t<h2 class=\"elementor-heading-title elementor-size-default\">Fa\u00e7a a submiss\u00e3o do seu trabalho agora mesmo!<\/h2>\t\t\t\t<\/div>\n\t\t\t\t<\/div>\n\t\t\t\t<div class=\"elementor-element elementor-element-fdcf95b elementor-align-justify elementor-widget__width-inherit exad-sticky-section-no exad-glass-effect-no elementor-widget elementor-widget-button\" data-id=\"fdcf95b\" data-element_type=\"widget\" data-e-type=\"widget\" data-widget_type=\"button.default\">\n\t\t\t\t<div class=\"elementor-widget-container\">\n\t\t\t\t\t\t\t\t\t<div class=\"elementor-button-wrapper\">\n\t\t\t\t\t<a class=\"elementor-button elementor-button-link elementor-size-sm\" href=\"https:\/\/eventos.mpmcomunicacao.com.br\/evento\/login?evento=congressoferidas&#038;ReturnUrl=\/participante\/trabalhocientifico\/\">\n\t\t\t\t\t\t<span class=\"elementor-button-content-wrapper\">\n\t\t\t\t\t\t\t\t\t<span class=\"elementor-button-text\">Clique aqui<\/span>\n\t\t\t\t\t<\/span>\n\t\t\t\t\t<\/a>\n\t\t\t\t<\/div>\n\t\t\t\t\t\t\t\t<\/div>\n\t\t\t\t<\/div>\n\t\t\t\t<\/div>\n\t\t\t\t\t<\/div>\n\t\t\t\t<\/div>\n\t\t\t\t<\/div>\n\t\t","protected":false},"excerpt":{"rendered":"<p>Submiss\u00e3o de Trabalhos Requisitos para a Submiss\u00e3o: LEIA ATENTAMENTE OS REQUISITOS PARA FACILITAR O PROCESSO DE APROVA\u00c7\u00c3O DA SUBMISS\u00c3O. 1 &#8211; Submiss\u00e3o de Estudos 1.1 N\u00e3o \u00e9 necess\u00e1rio realizar a inscri\u00e7\u00e3o antes de submeter o estudo \u00e0 avalia\u00e7\u00e3o.1.2 Os estudos devem ser enviados no formato Word (doc ou docx) a partir do preenchimento do formul\u00e1rio [&hellip;]<\/p>\n","protected":false},"author":2,"featured_media":0,"parent":0,"menu_order":0,"comment_status":"closed","ping_status":"closed","template":"","meta":{"site-sidebar-layout":"no-sidebar","site-content-layout":"page-builder","ast-site-content-layout":"","site-content-style":"default","site-sidebar-style":"default","ast-global-header-display":"","ast-banner-title-visibility":"","ast-main-header-display":"","ast-hfb-above-header-display":"","ast-hfb-below-header-display":"","ast-hfb-mobile-header-display":"","site-post-title":"disabled","ast-breadcrumbs-content":"","ast-featured-img":"disabled","footer-sml-layout":"","theme-transparent-header-meta":"","adv-header-id-meta":"","stick-header-meta":"","header-above-stick-meta":"","header-main-stick-meta":"","header-below-stick-meta":"","astra-migrate-meta-layouts":"default","ast-page-background-enabled":"default","ast-page-background-meta":{"desktop":{"background-color":"","background-image":"","background-repeat":"repeat","background-position":"center center","background-size":"auto","background-attachment":"scroll","background-type":"","background-media":"","overlay-type":"","overlay-color":"","overlay-opacity":"","overlay-gradient":""},"tablet":{"background-color":"","background-image":"","background-repeat":"repeat","background-position":"center center","background-size":"auto","background-attachment":"scroll","background-type":"","background-media":"","overlay-type":"","overlay-color":"","overlay-opacity":"","overlay-gradient":""},"mobile":{"background-color":"","background-image":"","background-repeat":"repeat","background-position":"center center","background-size":"auto","background-attachment":"scroll","background-type":"","background-media":"","overlay-type":"","overlay-color":"","overlay-opacity":"","overlay-gradient":""}},"ast-content-background-meta":{"desktop":{"background-color":"var(--ast-global-color-5)","background-image":"","background-repeat":"repeat","background-position":"center center","background-size":"auto","background-attachment":"scroll","background-type":"","background-media":"","overlay-type":"","overlay-color":"","overlay-opacity":"","overlay-gradient":""},"tablet":{"background-color":"var(--ast-global-color-5)","background-image":"","background-repeat":"repeat","background-position":"center center","background-size":"auto","background-attachment":"scroll","background-type":"","background-media":"","overlay-type":"","overlay-color":"","overlay-opacity":"","overlay-gradient":""},"mobile":{"background-color":"var(--ast-global-color-5)","background-image":"","background-repeat":"repeat","background-position":"center center","background-size":"auto","background-attachment":"scroll","background-type":"","background-media":"","overlay-type":"","overlay-color":"","overlay-opacity":"","overlay-gradient":""}},"_joinchat":[],"footnotes":""},"class_list":["post-1398","page","type-page","status-publish","hentry"],"_links":{"self":[{"href":"https:\/\/revistaferidas.com.br\/congressoferidas\/wp-json\/wp\/v2\/pages\/1398","targetHints":{"allow":["GET"]}}],"collection":[{"href":"https:\/\/revistaferidas.com.br\/congressoferidas\/wp-json\/wp\/v2\/pages"}],"about":[{"href":"https:\/\/revistaferidas.com.br\/congressoferidas\/wp-json\/wp\/v2\/types\/page"}],"author":[{"embeddable":true,"href":"https:\/\/revistaferidas.com.br\/congressoferidas\/wp-json\/wp\/v2\/users\/2"}],"replies":[{"embeddable":true,"href":"https:\/\/revistaferidas.com.br\/congressoferidas\/wp-json\/wp\/v2\/comments?post=1398"}],"version-history":[{"count":0,"href":"https:\/\/revistaferidas.com.br\/congressoferidas\/wp-json\/wp\/v2\/pages\/1398\/revisions"}],"wp:attachment":[{"href":"https:\/\/revistaferidas.com.br\/congressoferidas\/wp-json\/wp\/v2\/media?parent=1398"}],"curies":[{"name":"wp","href":"https:\/\/api.w.org\/{rel}","templated":true}]}}